{"id":4247,"date":"2023-06-27T16:09:51","date_gmt":"2023-06-27T14:09:51","guid":{"rendered":"https:\/\/stone4you.at\/?page_id=4247"},"modified":"2024-07-05T11:52:45","modified_gmt":"2024-07-05T09:52:45","slug":"sponsoring","status":"publish","type":"page","link":"https:\/\/www.stone4you.at\/cs\/sponsoring\/","title":{"rendered":"Sponzorov\u00e1n\u00ed"},"content":{"rendered":"<div data-elementor-type=\"wp-page\" data-elementor-id=\"4247\" class=\"elementor elementor-4247\" data-elementor-post-type=\"page\">\n\t\t\t\t\t\t<section class=\"elementor-section elementor-top-section elementor-element elementor-element-138d8e88 elementor-section-height-min-height elementor-section-items-stretch elementor-section-boxed elementor-section-height-default\" data-id=\"138d8e88\" data-element_type=\"section\" data-settings=\"{&quot;background_background&quot;:&quot;classic&quot;}\">\n\t\t\t\t\t\t\t<div class=\"elementor-background-overlay\"><\/div>\n\t\t\t\t\t\t\t<div class=\"elementor-container elementor-column-gap-default\">\n\t\t\t\t\t<div class=\"elementor-column elementor-col-100 elementor-top-column elementor-element elementor-element-16a0738\" data-id=\"16a0738\" data-element_type=\"column\" data-settings=\"{&quot;background_background&quot;:&quot;classic&quot;}\">\n\t\t\t<div class=\"elementor-widget-wrap elementor-element-populated\">\n\t\t\t\t\t<div class=\"elementor-background-overlay\"><\/div>\n\t\t\t\t\t\t<div class=\"elementor-element elementor-element-7834d7d elementor-widget-mobile__width-initial elementor-invisible elementor-widget elementor-widget-heading\" data-id=\"7834d7d\" data-element_type=\"widget\" data-settings=\"{&quot;_animation&quot;:&quot;fadeInDown&quot;}\" data-widget_type=\"heading.default\">\n\t\t\t\t<div class=\"elementor-widget-container\">\n\t\t\t\t\t<h1 class=\"elementor-heading-title elementor-size-default\">Jsme stone4you<\/h1>\t\t\t\t<\/div>\n\t\t\t\t<\/div>\n\t\t\t\t<div class=\"elementor-element elementor-element-8fd401c elementor-invisible elementor-widget elementor-widget-text-editor\" data-id=\"8fd401c\" data-element_type=\"widget\" data-settings=\"{&quot;_animation&quot;:&quot;fadeIn&quot;,&quot;_animation_delay&quot;:720}\" data-widget_type=\"text-editor.default\">\n\t\t\t\t<div class=\"elementor-widget-container\">\n\t\t\t\t\t\t\t\t\t<p>V\u00e1\u0161 kamen\u00edk z Rakouska<\/p><p>Jsme specialist\u00e9 ve sv\u00e9m oboru a jsme z\u00e1rukou kvality a odbornosti!<\/p>\t\t\t\t\t\t\t\t<\/div>\n\t\t\t\t<\/div>\n\t\t\t\t\t<\/div>\n\t\t<\/div>\n\t\t\t\t\t<\/div>\n\t\t<\/section>\n\t\t\t\t<section class=\"elementor-section elementor-top-section elementor-element elementor-element-c272f38 elementor-section-boxed elementor-section-height-default elementor-section-height-default\" data-id=\"c272f38\" data-element_type=\"section\">\n\t\t\t\t\t\t<div class=\"elementor-container elementor-column-gap-default\">\n\t\t\t\t\t<div class=\"elementor-column elementor-col-50 elementor-top-column elementor-element elementor-element-d87a905\" data-id=\"d87a905\" data-element_type=\"column\">\n\t\t\t<div class=\"elementor-widget-wrap\">\n\t\t\t\t\t\t\t<\/div>\n\t\t<\/div>\n\t\t\t\t<div class=\"elementor-column elementor-col-50 elementor-top-column elementor-element elementor-element-ea2bbbb\" data-id=\"ea2bbbb\" data-element_type=\"column\">\n\t\t\t<div class=\"elementor-widget-wrap elementor-element-populated\">\n\t\t\t\t\t\t<div class=\"elementor-element elementor-element-c151d77 elementor-widget elementor-widget-image\" data-id=\"c151d77\" data-element_type=\"widget\" data-widget_type=\"image.default\">\n\t\t\t\t<div class=\"elementor-widget-container\">\n\t\t\t\t\t\t\t\t\t\t\t\t\t\t\t<img fetchpriority=\"high\" decoding=\"async\" width=\"768\" height=\"177\" src=\"https:\/\/www.stone4you.at\/wp-content\/uploads\/2023\/06\/Screenshot-2023-06-27-163249_ergebnis-768x177.webp\" class=\"attachment-medium_large size-medium_large wp-image-4252\" alt=\"\" srcset=\"https:\/\/www.stone4you.at\/wp-content\/uploads\/2023\/06\/Screenshot-2023-06-27-163249_ergebnis-768x177.webp 768w, https:\/\/www.stone4you.at\/wp-content\/uploads\/2023\/06\/Screenshot-2023-06-27-163249_ergebnis-300x69.webp 300w, https:\/\/www.stone4you.at\/wp-content\/uploads\/2023\/06\/Screenshot-2023-06-27-163249_ergebnis-1024x236.webp 1024w, https:\/\/www.stone4you.at\/wp-content\/uploads\/2023\/06\/Screenshot-2023-06-27-163249_ergebnis-1536x354.webp 1536w, https:\/\/www.stone4you.at\/wp-content\/uploads\/2023\/06\/Screenshot-2023-06-27-163249_ergebnis.webp 1920w\" sizes=\"(max-width: 768px) 100vw, 768px\" \/>\t\t\t\t\t\t\t\t\t\t\t\t\t\t\t<\/div>\n\t\t\t\t<\/div>\n\t\t\t\t<div class=\"elementor-element elementor-element-8715161 elementor-widget elementor-widget-text-editor\" data-id=\"8715161\" data-element_type=\"widget\" data-widget_type=\"text-editor.default\">\n\t\t\t\t<div class=\"elementor-widget-container\">\n\t\t\t\t\t\t\t\t\t<p style=\"text-align: right;\"><span style=\"font-weight: 400;\">Pixendorf, 19. \u010dervna 2023<\/span><\/p>\t\t\t\t\t\t\t\t<\/div>\n\t\t\t\t<\/div>\n\t\t\t\t\t<\/div>\n\t\t<\/div>\n\t\t\t\t\t<\/div>\n\t\t<\/section>\n\t\t\t\t<section class=\"elementor-section elementor-top-section elementor-element elementor-element-6dc5ed3 elementor-section-boxed elementor-section-height-default elementor-section-height-default\" data-id=\"6dc5ed3\" data-element_type=\"section\">\n\t\t\t\t\t\t<div class=\"elementor-container elementor-column-gap-default\">\n\t\t\t\t\t<div class=\"elementor-column elementor-col-100 elementor-top-column elementor-element elementor-element-3d125f0\" data-id=\"3d125f0\" data-element_type=\"column\">\n\t\t\t<div class=\"elementor-widget-wrap elementor-element-populated\">\n\t\t\t\t\t\t<div class=\"elementor-element elementor-element-5ec1a30 elementor-widget elementor-widget-heading\" data-id=\"5ec1a30\" data-element_type=\"widget\" data-widget_type=\"heading.default\">\n\t\t\t\t<div class=\"elementor-widget-container\">\n\t\t\t\t\t<h2 class=\"elementor-heading-title elementor-size-default\">Club Nieder\u00f6sterreich: Charita s vysok\u00fdm faktorem z\u00e1bavy\n<\/h2>\t\t\t\t<\/div>\n\t\t\t\t<\/div>\n\t\t\t\t\t<\/div>\n\t\t<\/div>\n\t\t\t\t\t<\/div>\n\t\t<\/section>\n\t\t\t\t<section class=\"elementor-section elementor-top-section elementor-element elementor-element-5e082c3 elementor-section-boxed elementor-section-height-default elementor-section-height-default\" data-id=\"5e082c3\" data-element_type=\"section\">\n\t\t\t\t\t\t<div class=\"elementor-container elementor-column-gap-default\">\n\t\t\t\t\t<div class=\"elementor-column elementor-col-100 elementor-top-column elementor-element elementor-element-8e52e8d\" data-id=\"8e52e8d\" data-element_type=\"column\">\n\t\t\t<div class=\"elementor-widget-wrap elementor-element-populated\">\n\t\t\t\t\t\t<div class=\"elementor-element elementor-element-2c7bcb7 elementor-widget elementor-widget-text-editor\" data-id=\"2c7bcb7\" data-element_type=\"widget\" data-widget_type=\"text-editor.default\">\n\t\t\t\t<div class=\"elementor-widget-container\">\n\t\t\t\t\t\t\t\t\t<ol start=\"6\">\n \t<li style=\"text-align: justify;\"><b><i> 16. ro\u010dn\u00edk charitativn\u00edho fotbalov\u00e9ho golfov\u00e9ho turnaje Club Nieder\u00f6sterreich 16. \u010dervna 2023 v Atzenbruggu; fotbalov\u00e9 legendy jako Michael Hatz a Josef Degeorgi p\u016fsobili jako kapit\u00e1ni t\u00fdm\u016f a b\u00fdval\u00fd sportovn\u00ed \u0159editel ORF Hans Huber jako moder\u00e1tor; \u010dist\u00fd v\u00fdt\u011b\u017eek ve v\u00fd\u0161i v\u00edce ne\u017e 8 000 eur bude v\u011bnov\u00e1n Malteser Kinderhilfe (Hilde Umdasch Haus) v Amstettenu a rodin\u00e1m v nouzi.<\/i><\/b><\/li>\n<\/ol>\n<p style=\"text-align: justify;\"><span style=\"font-weight: 400;\">Minul\u00fd p\u00e1tek se na h\u0159i\u0161ti Diamond Country Club Atzenbrugg ji\u017e po\u0161est\u00e9 konal charitativn\u00ed fotbalov\u00fd golfov\u00fd turnaj po\u0159\u00e1dan\u00fd klubem Nieder\u00f6sterreich. Hlavn\u00edm c\u00edlem bylo potopit fotbalov\u00fd m\u00ed\u010d do jamek co nejmen\u0161\u00edm po\u010dtem ran v n\u011bkolika \"flightech\", kter\u00e9 vedli b\u00fdval\u00ed profesion\u00e1ln\u00ed fotbalist\u00e9. Kapit\u00e1ny t\u00fdm\u016f byli aktivn\u00ed a b\u00fdval\u00ed hr\u00e1\u010di charitativn\u00edho fotbalov\u00e9ho t\u00fdmu Club Nieder\u00f6sterreich, jmenovit\u011b Michael Hatz, Josef Degeorgi, Wolfgang Gramann, Walter Knaller, Hannes Neumayer a Willy Kaipel.<\/span><\/p>\n<p style=\"text-align: justify;\"><span style=\"font-weight: 400;\">V\u00fdt\u011b\u017eek v celkov\u00e9 v\u00fd\u0161i v\u00edce ne\u017e 8 000 eur bude v\u011bnov\u00e1n dolnorakousk\u00fdm rodin\u00e1m v obzvl\u00e1\u0161t\u011b obt\u00ed\u017en\u00fdch \u017eivotn\u00edch situac\u00edch a Domovu Hilde Umdasch, kter\u00fd provozuje Malteser Kinderhilfe v Amstettenu. Ten p\u0159edstavuje nov\u00fd typ konceptu bydlen\u00ed a p\u00e9\u010de o d\u011bti a mlad\u00e9 lidi s diagn\u00f3zou zkracuj\u00edc\u00ed \u017eivot, kte\u0159\u00ed vy\u017eaduj\u00ed velmi komplexn\u00ed p\u00e9\u010di.<\/span><\/p>\n<p style=\"text-align: justify;\"><span style=\"font-weight: 400;\">Tuto charitativn\u00ed \u010d\u00e1stku bylo mo\u017en\u00e9 z\u00edskat d\u00edky \u0161t\u011bdrosti \u0159ady firem a organizac\u00ed, kter\u00e9 zaplatily letenky a se sv\u00fdmi zam\u011bstnanci, z\u00e1kazn\u00edky, obchodn\u00edmi partnery a p\u0159\u00e1teli se proh\u00e1n\u011bly s m\u00ed\u010dkem po fairway\u00edch, bunkrech a greenech: Austrotherm GmbH jako hlavn\u00ed sponzor, Brucha GmbH, Planie GmbH, Acacio Immobilien GmbH a Stone4You. Akci podpo\u0159ili tak\u00e9 Diamond Country Club, Hebenstreit Sportmarketing, Henkell Sektkellerei a Weingut Markus Huber.<\/span><\/p>\n<p style=\"text-align: justify;\"><span style=\"font-weight: 400;\">I kdy\u017e byl v pop\u0159ed\u00ed charitativn\u00ed aspekt, \u0161lo samoz\u0159ejm\u011b tak\u00e9 o sportovn\u00ed kl\u00e1n\u00ed. Jako nejlep\u0161\u00ed kapit\u00e1ni letu se ex aequo uk\u00e1zali Josef Degeorgi a Walter Knaller. Mezi hosty zv\u00edt\u011bzila v sout\u011b\u017ei \u017een Katrin H\u00f6llererov\u00e1 (Planie GmbH), zat\u00edmco v sout\u011b\u017ei mu\u017e\u016f se o prvn\u00ed m\u00edsto pod\u011blili t\u0159i hr\u00e1\u010di z Brucha GmbH - Josef Baum\u00fchlner, Philipp Steiner a Benjamin Steinwendtner. Nebylo proto p\u0159ekvapen\u00edm, \u017ee i celkov\u00e9 v\u00edt\u011bzstv\u00ed v sout\u011b\u017ei dru\u017estev p\u0159ipadlo spole\u010dnosti Brucha GmbH, kter\u00e1 odsunula oba t\u00fdmy Austrothermu na druh\u00e9 a t\u0159et\u00ed m\u00edsto. Slavnostn\u00ed p\u0159ed\u00e1v\u00e1n\u00ed cen odborn\u011b a z\u00e1bavn\u011b uv\u00e1d\u011bla sportovn\u00ed report\u00e9rsk\u00e1 legenda ORF Hans Huber.<\/span><\/p>\t\t\t\t\t\t\t\t<\/div>\n\t\t\t\t<\/div>\n\t\t\t\t<div class=\"elementor-element elementor-element-d9767fb elementor-widget elementor-widget-image\" data-id=\"d9767fb\" data-element_type=\"widget\" data-widget_type=\"image.default\">\n\t\t\t\t<div class=\"elementor-widget-container\">\n\t\t\t\t\t\t\t\t\t\t\t\t\t\t\t<img decoding=\"async\" width=\"1920\" height=\"1280\" src=\"https:\/\/www.stone4you.at\/wp-content\/uploads\/2023\/06\/IMG_4631-Kopie_ergebnis.webp\" class=\"attachment-full size-full wp-image-4253\" alt=\"\" srcset=\"https:\/\/www.stone4you.at\/wp-content\/uploads\/2023\/06\/IMG_4631-Kopie_ergebnis.webp 1920w, https:\/\/www.stone4you.at\/wp-content\/uploads\/2023\/06\/IMG_4631-Kopie_ergebnis-300x200.webp 300w, https:\/\/www.stone4you.at\/wp-content\/uploads\/2023\/06\/IMG_4631-Kopie_ergebnis-1024x683.webp 1024w, https:\/\/www.stone4you.at\/wp-content\/uploads\/2023\/06\/IMG_4631-Kopie_ergebnis-768x512.webp 768w, https:\/\/www.stone4you.at\/wp-content\/uploads\/2023\/06\/IMG_4631-Kopie_ergebnis-1536x1024.webp 1536w\" sizes=\"(max-width: 1920px) 100vw, 1920px\" \/>\t\t\t\t\t\t\t\t\t\t\t\t\t\t\t<\/div>\n\t\t\t\t<\/div>\n\t\t\t\t<div class=\"elementor-element elementor-element-17dc24b elementor-widget elementor-widget-text-editor\" data-id=\"17dc24b\" data-element_type=\"widget\" data-widget_type=\"text-editor.default\">\n\t\t\t\t<div class=\"elementor-widget-container\">\n\t\t\t\t\t\t\t\t\t<p style=\"text-align: justify;\"><b>Fotbalov\u00fd golfov\u00fd turnaj po\u0159\u00e1dan\u00fd Club Nieder\u00f6sterreich se roz\u0161i\u0159uje do Lanzenkirchenu\/Linsbergu<\/b><\/p>\n<p style=\"text-align: justify;\"><span style=\"font-weight: 400;\">\"Je obzvl\u00e1\u0161t\u011b pot\u011b\u0161uj\u00edc\u00ed, \u017ee se osv\u011bd\u010den\u00fd fotbalov\u00fd golfov\u00fd turnaj v Diamond Country Clubu v Atzenbruggu nebude konat znovu a\u017e za rok, ale \u017ee firmy, kter\u00e9 cht\u011bj\u00ed hr\u00e1t a p\u0159isp\u00edvat, budou 13. \u0159\u00edjna 2023 kopat do m\u00ed\u010dk\u016f na golfov\u00e9m h\u0159i\u0161ti Linsberg v Lanzenkirchenu spole\u010dn\u011b s kop\u00e1\u010di Clubu Nieder\u00f6sterreich,\" \u0159ekla p\u0159i slavnostn\u00edm p\u0159ed\u00e1v\u00e1n\u00ed cen pot\u011b\u0161en\u00e1 Theres Friewald-Hofbauer, jednatelka Clubu Nieder\u00f6sterreich. A nakonec to vlastn\u011b ani nen\u00ed p\u0159ekvapiv\u00e9: krom\u011b toho, \u017ee faktor z\u00e1bavy je velmi vysok\u00fd, se v\u0161ichni \u00fa\u010dastn\u00edci v p\u00e1tek shodli: \"Pom\u00e1h\u00e1n\u00ed d\u011bl\u00e1 radost.<\/span><\/p>\n<p style=\"text-align: justify;\"><i><span style=\"font-weight: 400;\">Klub Nieder\u00f6sterreich byl zalo\u017een v roce 1980 jako nestranick\u00e9 z\u00e1jmov\u00e9 sdru\u017een\u00ed pro venkov a pova\u017euje se za platformu a v\u00fdm\u011bnu my\u0161lenek pro informace a diskusi, za hlas dialogu mezi m\u011bstem a venkovem, za pr\u016fkopn\u00edka kulturn\u00ed tvorby a inici\u00e1tora spole\u010densk\u00e9 anga\u017eovanosti. Od sv\u00e9ho zalo\u017een\u00ed je jedn\u00edm z hlavn\u00edch z\u00e1jm\u016f Klubu Nieder\u00f6sterreich podpora lid\u00ed v obt\u00ed\u017en\u00fdch a t\u00ed\u017eiv\u00fdch \u017eivotn\u00edch situac\u00edch. Hlavn\u00edm \"zdrojem\" charitativn\u00ed \u010dinnosti klubu je jeho fotbalov\u00fd t\u00fdm celebrit, kter\u00fd ji\u017e od roku 1983 cestuje po cel\u00e9 zemi. Celkem bylo doposud na soci\u00e1ln\u00ed \u00fa\u010dely vybr\u00e1no v\u00edce ne\u017e 2 250 000 eur.<\/span><\/i><\/p>\n<p style=\"text-align: justify;\"><i><span style=\"font-weight: 400;\">Dotazy: Club Nieder\u00f6sterreich, e-mail: info@clubnoe.at, tel.: 02275 930 800, www.clubnoe.at.<\/span><\/i><\/p>\n<p style=\"text-align: justify;\"><span style=\"font-weight: 400;\">Turnaj podpo\u0159ili:<\/span><\/p>\t\t\t\t\t\t\t\t<\/div>\n\t\t\t\t<\/div>\n\t\t\t\t<div class=\"elementor-element elementor-element-ef7c394 elementor-widget elementor-widget-image\" data-id=\"ef7c394\" data-element_type=\"widget\" data-widget_type=\"image.default\">\n\t\t\t\t<div class=\"elementor-widget-container\">\n\t\t\t\t\t\t\t\t\t\t\t\t\t\t\t<img decoding=\"async\" width=\"1920\" height=\"376\" src=\"https:\/\/www.stone4you.at\/wp-content\/uploads\/2023\/06\/Screenshot-2023-06-27-164605_ergebnis.webp\" class=\"attachment-full size-full wp-image-4254\" alt=\"\" srcset=\"https:\/\/www.stone4you.at\/wp-content\/uploads\/2023\/06\/Screenshot-2023-06-27-164605_ergebnis.webp 1920w, https:\/\/www.stone4you.at\/wp-content\/uploads\/2023\/06\/Screenshot-2023-06-27-164605_ergebnis-300x59.webp 300w, https:\/\/www.stone4you.at\/wp-content\/uploads\/2023\/06\/Screenshot-2023-06-27-164605_ergebnis-1024x201.webp 1024w, https:\/\/www.stone4you.at\/wp-content\/uploads\/2023\/06\/Screenshot-2023-06-27-164605_ergebnis-768x150.webp 768w, https:\/\/www.stone4you.at\/wp-content\/uploads\/2023\/06\/Screenshot-2023-06-27-164605_ergebnis-1536x301.webp 1536w\" sizes=\"(max-width: 1920px) 100vw, 1920px\" \/>\t\t\t\t\t\t\t\t\t\t\t\t\t\t\t<\/div>\n\t\t\t\t<\/div>\n\t\t\t\t<div class=\"elementor-element elementor-element-c2472a4 elementor-widget elementor-widget-image\" data-id=\"c2472a4\" data-element_type=\"widget\" data-widget_type=\"image.default\">\n\t\t\t\t<div class=\"elementor-widget-container\">\n\t\t\t\t\t\t\t\t\t\t\t\t\t\t\t<img loading=\"lazy\" decoding=\"async\" width=\"1920\" height=\"603\" src=\"https:\/\/www.stone4you.at\/wp-content\/uploads\/2023\/06\/Screenshot-2023-06-27-164126_ergebnis.webp\" class=\"attachment-full size-full wp-image-4255\" alt=\"\" srcset=\"https:\/\/www.stone4you.at\/wp-content\/uploads\/2023\/06\/Screenshot-2023-06-27-164126_ergebnis.webp 1920w, https:\/\/www.stone4you.at\/wp-content\/uploads\/2023\/06\/Screenshot-2023-06-27-164126_ergebnis-300x94.webp 300w, https:\/\/www.stone4you.at\/wp-content\/uploads\/2023\/06\/Screenshot-2023-06-27-164126_ergebnis-1024x322.webp 1024w, https:\/\/www.stone4you.at\/wp-content\/uploads\/2023\/06\/Screenshot-2023-06-27-164126_ergebnis-768x241.webp 768w, https:\/\/www.stone4you.at\/wp-content\/uploads\/2023\/06\/Screenshot-2023-06-27-164126_ergebnis-1536x482.webp 1536w\" sizes=\"(max-width: 1920px) 100vw, 1920px\" \/>\t\t\t\t\t\t\t\t\t\t\t\t\t\t\t<\/div>\n\t\t\t\t<\/div>\n\t\t\t\t<div class=\"elementor-element elementor-element-d2f4908 elementor-widget elementor-widget-image\" data-id=\"d2f4908\" data-element_type=\"widget\" data-widget_type=\"image.default\">\n\t\t\t\t<div class=\"elementor-widget-container\">\n\t\t\t\t\t\t\t\t\t\t\t\t\t\t\t<img loading=\"lazy\" decoding=\"async\" width=\"1920\" height=\"1280\" src=\"https:\/\/www.stone4you.at\/wp-content\/uploads\/2023\/06\/IMG_4578-Kopie_ergebnis.webp\" class=\"attachment-full size-full wp-image-4256\" alt=\"\" srcset=\"https:\/\/www.stone4you.at\/wp-content\/uploads\/2023\/06\/IMG_4578-Kopie_ergebnis.webp 1920w, https:\/\/www.stone4you.at\/wp-content\/uploads\/2023\/06\/IMG_4578-Kopie_ergebnis-300x200.webp 300w, https:\/\/www.stone4you.at\/wp-content\/uploads\/2023\/06\/IMG_4578-Kopie_ergebnis-1024x683.webp 1024w, https:\/\/www.stone4you.at\/wp-content\/uploads\/2023\/06\/IMG_4578-Kopie_ergebnis-768x512.webp 768w, https:\/\/www.stone4you.at\/wp-content\/uploads\/2023\/06\/IMG_4578-Kopie_ergebnis-1536x1024.webp 1536w\" sizes=\"(max-width: 1920px) 100vw, 1920px\" \/>\t\t\t\t\t\t\t\t\t\t\t\t\t\t\t<\/div>\n\t\t\t\t<\/div>\n\t\t\t\t\t<\/div>\n\t\t<\/div>\n\t\t\t\t\t<\/div>\n\t\t<\/section>\n\t\t\t\t<\/div>","protected":false},"excerpt":{"rendered":"<p>Jsme stone4you, v\u00e1\u0161 kamen\u00edk z Rakouska Jsme specialist\u00e9 ve sv\u00e9m oboru a jsme z\u00e1rukou kvality a odbornosti! Pixendorf, 19. \u010dervna 2023 Club Nieder\u00f6sterreich: Charita s vysok\u00fdm faktorem z\u00e1bavy 16. ro\u010dn\u00edk charitativn\u00edho fotbalov\u00e9ho golfov\u00e9ho turnaje Club Nieder\u00f6sterreich se konal 16. \u010dervna 2023 v Atzenbruggu; jako kapit\u00e1ni t\u00fdm\u016f p\u016fsobily fotbalov\u00e9 legendy jako Michael Hatz a Josef Degeorgi a b\u00fdval\u00fd sportovn\u00ed \u0159editel ORF [...].<\/p>","protected":false},"author":1,"featured_media":0,"parent":0,"menu_order":0,"comment_status":"closed","ping_status":"closed","template":"elementor_header_footer","meta":{"footnotes":""},"class_list":["post-4247","page","type-page","status-publish","hentry"],"_links":{"self":[{"href":"https:\/\/www.stone4you.at\/cs\/wp-json\/wp\/v2\/pages\/4247","targetHints":{"allow":["GET"]}}],"collection":[{"href":"https:\/\/www.stone4you.at\/cs\/wp-json\/wp\/v2\/pages"}],"about":[{"href":"https:\/\/www.stone4you.at\/cs\/wp-json\/wp\/v2\/types\/page"}],"author":[{"embeddable":true,"href":"https:\/\/www.stone4you.at\/cs\/wp-json\/wp\/v2\/users\/1"}],"replies":[{"embeddable":true,"href":"https:\/\/www.stone4you.at\/cs\/wp-json\/wp\/v2\/comments?post=4247"}],"version-history":[{"count":10,"href":"https:\/\/www.stone4you.at\/cs\/wp-json\/wp\/v2\/pages\/4247\/revisions"}],"predecessor-version":[{"id":10963,"href":"https:\/\/www.stone4you.at\/cs\/wp-json\/wp\/v2\/pages\/4247\/revisions\/10963"}],"wp:attachment":[{"href":"https:\/\/www.stone4you.at\/cs\/wp-json\/wp\/v2\/media?parent=4247"}],"curies":[{"name":"wp","href":"https:\/\/api.w.org\/{rel}","templated":true}]}}