{"id":2758,"date":"2023-04-25T18:00:26","date_gmt":"2023-04-25T16:00:26","guid":{"rendered":"https:\/\/stone4you.at\/?page_id=2758"},"modified":"2025-11-19T16:41:01","modified_gmt":"2025-11-19T15:41:01","slug":"impressum-datenschutz","status":"publish","type":"page","link":"https:\/\/www.stone4you.at\/cs\/impressum-datenschutz\/","title":{"rendered":"Otisk a ochrana dat"},"content":{"rendered":"<div data-elementor-type=\"wp-page\" data-elementor-id=\"2758\" class=\"elementor elementor-2758\" data-elementor-post-type=\"page\">\n\t\t\t\t\t\t<section class=\"elementor-section elementor-top-section elementor-element elementor-element-2a49f04a elementor-section-boxed elementor-section-height-default elementor-section-height-default\" data-id=\"2a49f04a\" data-element_type=\"section\">\n\t\t\t\t\t\t<div class=\"elementor-container elementor-column-gap-default\">\n\t\t\t\t\t<div class=\"elementor-column elementor-col-100 elementor-top-column elementor-element elementor-element-43c9c3f8\" data-id=\"43c9c3f8\" data-element_type=\"column\">\n\t\t\t<div class=\"elementor-widget-wrap\">\n\t\t\t\t\t\t\t<\/div>\n\t\t<\/div>\n\t\t\t\t\t<\/div>\n\t\t<\/section>\n\t\t\t\t<section class=\"elementor-section elementor-top-section elementor-element elementor-element-4fe6937 elementor-section-boxed elementor-section-height-default elementor-section-height-default\" data-id=\"4fe6937\" data-element_type=\"section\" data-settings=\"{&quot;background_background&quot;:&quot;classic&quot;}\">\n\t\t\t\t\t\t\t<div class=\"elementor-background-overlay\"><\/div>\n\t\t\t\t\t\t\t<div class=\"elementor-container elementor-column-gap-default\">\n\t\t\t\t\t<div class=\"elementor-column elementor-col-100 elementor-top-column elementor-element elementor-element-2b03f9bd\" data-id=\"2b03f9bd\" data-element_type=\"column\">\n\t\t\t<div class=\"elementor-widget-wrap\">\n\t\t\t\t\t\t\t<\/div>\n\t\t<\/div>\n\t\t\t\t\t<\/div>\n\t\t<\/section>\n\t\t\t\t<section class=\"elementor-section elementor-top-section elementor-element elementor-element-5359287 elementor-section-boxed elementor-section-height-default elementor-section-height-default\" data-id=\"5359287\" data-element_type=\"section\">\n\t\t\t\t\t\t<div class=\"elementor-container elementor-column-gap-default\">\n\t\t\t\t\t<div class=\"elementor-column elementor-col-100 elementor-top-column elementor-element elementor-element-efa0e0e\" data-id=\"efa0e0e\" data-element_type=\"column\">\n\t\t\t<div class=\"elementor-widget-wrap elementor-element-populated\">\n\t\t\t\t\t\t<div class=\"elementor-element elementor-element-ae0d6c3 elementor-widget elementor-widget-spacer\" data-id=\"ae0d6c3\" data-element_type=\"widget\" data-widget_type=\"spacer.default\">\n\t\t\t\t<div class=\"elementor-widget-container\">\n\t\t\t\t\t\t\t<div class=\"elementor-spacer\">\n\t\t\t<div class=\"elementor-spacer-inner\"><\/div>\n\t\t<\/div>\n\t\t\t\t\t\t<\/div>\n\t\t\t\t<\/div>\n\t\t\t\t<div class=\"elementor-element elementor-element-8425a76 elementor-widget elementor-widget-heading\" data-id=\"8425a76\" data-element_type=\"widget\" data-widget_type=\"heading.default\">\n\t\t\t\t<div class=\"elementor-widget-container\">\n\t\t\t\t\t<h2 class=\"elementor-heading-title elementor-size-default\">IMPRINT<\/h2>\t\t\t\t<\/div>\n\t\t\t\t<\/div>\n\t\t\t\t<div class=\"elementor-element elementor-element-6f02d56 elementor-widget elementor-widget-spacer\" data-id=\"6f02d56\" data-element_type=\"widget\" data-widget_type=\"spacer.default\">\n\t\t\t\t<div class=\"elementor-widget-container\">\n\t\t\t\t\t\t\t<div class=\"elementor-spacer\">\n\t\t\t<div class=\"elementor-spacer-inner\"><\/div>\n\t\t<\/div>\n\t\t\t\t\t\t<\/div>\n\t\t\t\t<\/div>\n\t\t\t\t\t<\/div>\n\t\t<\/div>\n\t\t\t\t\t<\/div>\n\t\t<\/section>\n\t\t\t\t<section class=\"elementor-section elementor-top-section elementor-element elementor-element-a098ae8 elementor-section-boxed elementor-section-height-default elementor-section-height-default\" data-id=\"a098ae8\" data-element_type=\"section\">\n\t\t\t\t\t\t<div class=\"elementor-container elementor-column-gap-default\">\n\t\t\t\t\t<div class=\"elementor-column elementor-col-50 elementor-top-column elementor-element elementor-element-1d882c7\" data-id=\"1d882c7\" data-element_type=\"column\">\n\t\t\t<div class=\"elementor-widget-wrap elementor-element-populated\">\n\t\t\t\t\t\t<div class=\"elementor-element elementor-element-65e0136 elementor-widget elementor-widget-text-editor\" data-id=\"65e0136\" data-element_type=\"widget\" data-widget_type=\"text-editor.default\">\n\t\t\t\t<div class=\"elementor-widget-container\">\n\t\t\t\t\t\t\t\t\t<p><strong>stone4you e.U.<\/strong><br \/>Kamenick\u00fd mistr<\/p><p>Majitel:\u00a0<strong>Georg Leeb<\/strong><br \/>Mitterweg 9<br \/>2020 Hollabrunn<\/p><p><strong>Registra\u010dn\u00ed \u010d\u00edslo spole\u010dnosti:<\/strong>\u00a0205141d<br \/><strong>Autorita podle EKG:<\/strong>\u00a0BH Hollabrunn<br \/>LG Korneuburg<br \/><strong>UID:<\/strong>\u00a0ATU64041968<\/p><p>\u010clen Rakousk\u00e9 obchodn\u00ed komory (odkaz na\u00a0<a href=\"https:\/\/firmen.wko.at\/Web\/DetailsInfos.aspx?FirmaID=36b4b93d-36b2-4646-9966-4acb9f1501ad\" target=\"_blank\" rel=\"noopener\">https:\/\/firmen.wko.at\/<\/a>)<\/p><p>Spole\u010dnost stone4you e.U. nenese \u017e\u00e1dnou odpov\u011bdnost za odkazy na jin\u00e9 str\u00e1nky a jejich obsah.<\/p><p>Tel: <a href=\"tel:+43295230730\">+43 (0)2952 30 730<\/a><br \/><a href=\"mailto:office@stone4you.at\">office@stone4you.at<\/a><br \/>www.stone4you.at<\/p>\t\t\t\t\t\t\t\t<\/div>\n\t\t\t\t<\/div>\n\t\t\t\t\t<\/div>\n\t\t<\/div>\n\t\t\t\t<div class=\"elementor-column elementor-col-50 elementor-top-column elementor-element elementor-element-df4c8da\" data-id=\"df4c8da\" data-element_type=\"column\">\n\t\t\t<div class=\"elementor-widget-wrap elementor-element-populated\">\n\t\t\t\t\t\t<div class=\"elementor-element elementor-element-de6f365 elementor-widget__width-initial elementor-widget elementor-widget-text-editor\" data-id=\"de6f365\" data-element_type=\"widget\" data-widget_type=\"text-editor.default\">\n\t\t\t\t<div class=\"elementor-widget-container\">\n\t\t\t\t\t\t\t\t\t<p>Vlastn\u00edk m\u00e9di\u00ed<br \/>stone4you e.U.<\/p><p>S\u00eddlo vlastn\u00edka m\u00e9di\u00ed<br \/>2020 Hollabrunn<\/p><p><strong>P\u0159edm\u011bt \u010dinnosti spole\u010dnosti:<\/strong><br \/>Kameni\u010dt\u00ed mist\u0159i v\u010detn\u011b v\u00fdroby um\u011bl\u00e9ho kamene a teraca<br \/>Obchodn\u00ed a zprost\u0159edkovatelsk\u00e1 \u010dinnost<\/p><p><strong>Odpov\u011bdnost za text a obr\u00e1zky:<\/strong>\u00a0stone4you e.U.<\/p><p><strong>Podpora webov\u00fdch str\u00e1nek:<\/strong> <br \/><a href=\"https:\/\/www.pachnerweb.at\/wordpress\/\" target=\"_blank\" rel=\"noopener\">Podpora a poradenstv\u00ed pro WordPress od pachner webconsulting<\/a><\/p>\t\t\t\t\t\t\t\t<\/div>\n\t\t\t\t<\/div>\n\t\t\t\t\t<\/div>\n\t\t<\/div>\n\t\t\t\t\t<\/div>\n\t\t<\/section>\n\t\t\t\t<section class=\"elementor-section elementor-top-section elementor-element elementor-element-55ca2f2 elementor-section-boxed elementor-section-height-default elementor-section-height-default\" data-id=\"55ca2f2\" data-element_type=\"section\">\n\t\t\t\t\t\t<div class=\"elementor-container elementor-column-gap-default\">\n\t\t\t\t\t<div class=\"elementor-column elementor-col-100 elementor-top-column elementor-element elementor-element-a22ec35\" data-id=\"a22ec35\" data-element_type=\"column\">\n\t\t\t<div class=\"elementor-widget-wrap elementor-element-populated\">\n\t\t\t\t\t\t<div class=\"elementor-element elementor-element-9352d2f elementor-widget elementor-widget-spacer\" data-id=\"9352d2f\" data-element_type=\"widget\" data-widget_type=\"spacer.default\">\n\t\t\t\t<div class=\"elementor-widget-container\">\n\t\t\t\t\t\t\t<div class=\"elementor-spacer\">\n\t\t\t<div class=\"elementor-spacer-inner\"><\/div>\n\t\t<\/div>\n\t\t\t\t\t\t<\/div>\n\t\t\t\t<\/div>\n\t\t\t\t<div class=\"elementor-element elementor-element-5dde53f elementor-widget elementor-widget-heading\" data-id=\"5dde53f\" data-element_type=\"widget\" data-widget_type=\"heading.default\">\n\t\t\t\t<div class=\"elementor-widget-container\">\n\t\t\t\t\t<h2 class=\"elementor-heading-title elementor-size-default\">Z\u00c1SADY OCHRANY OSOBN\u00cdCH \u00daDAJ\u016e<\/h2>\t\t\t\t<\/div>\n\t\t\t\t<\/div>\n\t\t\t\t<div class=\"elementor-element elementor-element-aa665d0 elementor-widget elementor-widget-spacer\" data-id=\"aa665d0\" data-element_type=\"widget\" data-widget_type=\"spacer.default\">\n\t\t\t\t<div class=\"elementor-widget-container\">\n\t\t\t\t\t\t\t<div class=\"elementor-spacer\">\n\t\t\t<div class=\"elementor-spacer-inner\"><\/div>\n\t\t<\/div>\n\t\t\t\t\t\t<\/div>\n\t\t\t\t<\/div>\n\t\t\t\t<div class=\"elementor-element elementor-element-03fc9fc elementor-widget elementor-widget-text-editor\" data-id=\"03fc9fc\" data-element_type=\"widget\" data-widget_type=\"text-editor.default\">\n\t\t\t\t<div class=\"elementor-widget-container\">\n\t\t\t\t\t\t\t\t\t<p>Ochrana va\u0161ich osobn\u00edch \u00fadaj\u016f je pro n\u00e1s obzvl\u00e1\u0161t\u011b d\u016fle\u017eit\u00e1. Va\u0161e \u00fadaje proto zpracov\u00e1v\u00e1me v\u00fdhradn\u011b na z\u00e1klad\u011b z\u00e1konn\u00fdch ustanoven\u00ed (GDPR, TKG 2003). V t\u011bchto informac\u00edch o ochran\u011b osobn\u00edch \u00fadaj\u016f v\u00e1s informujeme o nejd\u016fle\u017eit\u011bj\u0161\u00edch aspektech zpracov\u00e1n\u00ed \u00fadaj\u016f na na\u0161ich webov\u00fdch str\u00e1nk\u00e1ch.\u00a0<\/p>\t\t\t\t\t\t\t\t<\/div>\n\t\t\t\t<\/div>\n\t\t\t\t\t<\/div>\n\t\t<\/div>\n\t\t\t\t\t<\/div>\n\t\t<\/section>\n\t\t\t\t<section class=\"elementor-section elementor-top-section elementor-element elementor-element-c9cce0e elementor-section-boxed elementor-section-height-default elementor-section-height-default\" data-id=\"c9cce0e\" data-element_type=\"section\">\n\t\t\t\t\t\t<div class=\"elementor-container elementor-column-gap-default\">\n\t\t\t\t\t<div class=\"elementor-column elementor-col-50 elementor-top-column elementor-element elementor-element-9a83daa\" data-id=\"9a83daa\" data-element_type=\"column\">\n\t\t\t<div class=\"elementor-widget-wrap elementor-element-populated\">\n\t\t\t\t\t\t<div class=\"elementor-element elementor-element-527394d elementor-widget elementor-widget-text-editor\" data-id=\"527394d\" data-element_type=\"widget\" data-widget_type=\"text-editor.default\">\n\t\t\t\t<div class=\"elementor-widget-container\">\n\t\t\t\t\t\t\t\t\t<p><strong>Soubory cookie<\/strong><\/p><p>Na\u0161e webov\u00e9 str\u00e1nky pou\u017e\u00edvaj\u00ed tzv. cookies. Jedn\u00e1 se o mal\u00e9 textov\u00e9 soubory, kter\u00e9 se ukl\u00e1daj\u00ed do va\u0161eho koncov\u00e9ho za\u0159\u00edzen\u00ed pomoc\u00ed prohl\u00ed\u017ee\u010de. Nezp\u016fsobuj\u00ed \u017e\u00e1dn\u00e9 \u0161kody.<\/p><p>Soubory cookie pou\u017e\u00edv\u00e1me k tomu, aby na\u0161e webov\u00e9 str\u00e1nky byly u\u017eivatelsky p\u0159\u00edv\u011btiv\u011bj\u0161\u00ed. N\u011bkter\u00e9 soubory cookie z\u016fst\u00e1vaj\u00ed ulo\u017eeny ve va\u0161em koncov\u00e9m za\u0159\u00edzen\u00ed, dokud je neodstran\u00edte. Umo\u017e\u0148uj\u00ed n\u00e1m rozpoznat v\u00e1\u0161 prohl\u00ed\u017ee\u010d p\u0159i va\u0161\u00ed dal\u0161\u00ed n\u00e1v\u0161t\u011bv\u011b.<\/p><p>Pokud si to nep\u0159ejete, m\u016f\u017eete nastavit sv\u016fj prohl\u00ed\u017ee\u010d tak, aby v\u00e1s informoval o nastavov\u00e1n\u00ed soubor\u016f cookie a abyste to povolili pouze v jednotliv\u00fdch p\u0159\u00edpadech.<\/p><p>Pokud jsou soubory cookie deaktivov\u00e1ny, m\u016f\u017ee doj\u00edt k omezen\u00ed funk\u010dnosti na\u0161ich webov\u00fdch str\u00e1nek.<\/p><p><strong>Webov\u00e1 anal\u00fdza<\/strong><\/p><p>Na\u0161e webov\u00e9 str\u00e1nky vyu\u017e\u00edvaj\u00ed funkce slu\u017eby pro anal\u00fdzu webu Google Analytics.<em>.\u00a0<\/em>K tomuto \u00fa\u010delu se pou\u017e\u00edvaj\u00ed soubory cookie, kter\u00e9 umo\u017e\u0148uj\u00ed analyzovat va\u0161e pou\u017e\u00edv\u00e1n\u00ed webov\u00fdch str\u00e1nek. Takto vytvo\u0159en\u00e9 informace jsou p\u0159en\u00e1\u0161eny na server poskytovatele a tam ulo\u017eeny.<\/p><p>Tomu m\u016f\u017eete zabr\u00e1nit nastaven\u00edm prohl\u00ed\u017ee\u010de tak, aby se soubory cookie neukl\u00e1daly.<\/p><p>S poskytovatelem jsme uzav\u0159eli odpov\u00eddaj\u00edc\u00ed smlouvu o zpracov\u00e1n\u00ed \u00fadaj\u016f na zak\u00e1zku.<\/p><p>Zpracov\u00e1n\u00ed \u00fadaj\u016f se prov\u00e1d\u00ed na z\u00e1klad\u011b z\u00e1konn\u00fdch ustanoven\u00ed \u00a7 96 odst. 3 TKG a \u010dl. 6 odst. 1 p\u00edsm. a) (souhlas) a\/nebo f) (opr\u00e1vn\u011bn\u00fd z\u00e1jem) GDPR.<\/p>\t\t\t\t\t\t\t\t<\/div>\n\t\t\t\t<\/div>\n\t\t\t\t\t<\/div>\n\t\t<\/div>\n\t\t\t\t<div class=\"elementor-column elementor-col-50 elementor-top-column elementor-element elementor-element-338397d\" data-id=\"338397d\" data-element_type=\"column\">\n\t\t\t<div class=\"elementor-widget-wrap elementor-element-populated\">\n\t\t\t\t\t\t<div class=\"elementor-element elementor-element-3d39be2 elementor-widget elementor-widget-text-editor\" data-id=\"3d39be2\" data-element_type=\"widget\" data-widget_type=\"text-editor.default\">\n\t\t\t\t<div class=\"elementor-widget-container\">\n\t\t\t\t\t\t\t\t\t<p><strong>Zpravodaj<\/strong><\/p><p>M\u00e1te mo\u017enost p\u0159ihl\u00e1sit se k odb\u011bru na\u0161eho newsletteru prost\u0159ednictv\u00edm na\u0161ich webov\u00fdch str\u00e1nek. K tomu pot\u0159ebujeme va\u0161i e-mailovou adresu a va\u0161e prohl\u00e1\u0161en\u00ed, \u017ee souhlas\u00edte se zas\u00edl\u00e1n\u00edm newsletteru.<\/p><p>Odb\u011br newsletteru m\u016f\u017eete kdykoli zru\u0161it. Zru\u0161en\u00ed zas\u00edlejte na n\u00e1sleduj\u00edc\u00ed e-mailovou adresu: marketing@stone4you.at. Pot\u00e9 va\u0161e \u00fadaje v souvislosti se zas\u00edl\u00e1n\u00edm newsletteru neprodlen\u011b vyma\u017eeme.\u00a0<\/p><p><strong>Va\u0161e pr\u00e1va<\/strong><\/p><p>V z\u00e1sad\u011b m\u00e1te pr\u00e1vo na informace, opravu, v\u00fdmaz, omezen\u00ed, p\u0159enositelnost \u00fadaj\u016f, zru\u0161en\u00ed a n\u00e1mitku. Pokud se domn\u00edv\u00e1te, \u017ee zpracov\u00e1n\u00ed va\u0161ich \u00fadaj\u016f poru\u0161uje z\u00e1kon o ochran\u011b osobn\u00edch \u00fadaj\u016f nebo \u017ee va\u0161e pr\u00e1va na ochranu osobn\u00edch \u00fadaj\u016f byla poru\u0161ena jin\u00fdm zp\u016fsobem, m\u016f\u017eete podat st\u00ed\u017enost u dozorov\u00e9ho \u00fa\u0159adu. V Rakousku je t\u00edmto org\u00e1nem \u00fa\u0159ad pro ochranu osobn\u00edch \u00fadaj\u016f.\u00a0<\/p><p><strong>Kontaktovat n\u00e1s m\u016f\u017eete na n\u00e1sleduj\u00edc\u00edch kontaktn\u00edch \u00fadaj\u00edch:<\/strong><\/p><p><strong>stone4you e.U.<\/strong><br \/>Kamenick\u00fd mistr<\/p><p>Mitterweg 9<br \/>2020 Hollabrunn<\/p><p>Tel: <a href=\"tel:+43295230730\">+43 (0)2952 30 730<\/a><br \/><a href=\"mailto:office@stone4you.at\">office@stone4you.at<\/a><br \/>www.stone4you.at<\/p>\t\t\t\t\t\t\t\t<\/div>\n\t\t\t\t<\/div>\n\t\t\t\t\t<\/div>\n\t\t<\/div>\n\t\t\t\t\t<\/div>\n\t\t<\/section>\n\t\t\t\t<section class=\"elementor-section elementor-top-section elementor-element elementor-element-2e16323 elementor-section-boxed elementor-section-height-default elementor-section-height-default\" data-id=\"2e16323\" data-element_type=\"section\">\n\t\t\t\t\t\t<div class=\"elementor-container elementor-column-gap-default\">\n\t\t\t\t\t<div class=\"elementor-column elementor-col-100 elementor-top-column elementor-element elementor-element-d102f7e\" data-id=\"d102f7e\" data-element_type=\"column\">\n\t\t\t<div class=\"elementor-widget-wrap elementor-element-populated\">\n\t\t\t\t\t\t<div class=\"elementor-element elementor-element-525dfd5 elementor-widget elementor-widget-spacer\" data-id=\"525dfd5\" data-element_type=\"widget\" data-widget_type=\"spacer.default\">\n\t\t\t\t<div class=\"elementor-widget-container\">\n\t\t\t\t\t\t\t<div class=\"elementor-spacer\">\n\t\t\t<div class=\"elementor-spacer-inner\"><\/div>\n\t\t<\/div>\n\t\t\t\t\t\t<\/div>\n\t\t\t\t<\/div>\n\t\t\t\t<div class=\"elementor-element elementor-element-65e503c elementor-invisible elementor-widget elementor-widget-text-editor\" data-id=\"65e503c\" data-element_type=\"widget\" data-settings=\"{&quot;_animation&quot;:&quot;fadeInLeft&quot;}\" data-widget_type=\"text-editor.default\">\n\t\t\t\t<div class=\"elementor-widget-container\">\n\t\t\t\t\t\t\t\t\t<p>Otev\u00edrac\u00ed doba Hollabrunn: Po a\u017e P\u00e1: 8:00 - 12:00 a 13:00 - 18:00 | Sobota: 8:00 - 12:00<\/p>\n<p>Otev\u00edrac\u00ed doba Schottenring 31: Po a\u017e P\u00e1: 13:00 - 17:00*<\/p>\n<p>*Pro osobn\u00ed konzultaci je nutn\u00e1 p\u0159edb\u011b\u017en\u00e1 registrace<\/p>\t\t\t\t\t\t\t\t<\/div>\n\t\t\t\t<\/div>\n\t\t\t\t<div class=\"elementor-element elementor-element-06bcde6 elementor-view-default elementor-widget elementor-widget-icon\" data-id=\"06bcde6\" data-element_type=\"widget\" data-widget_type=\"icon.default\">\n\t\t\t\t<div class=\"elementor-widget-container\">\n\t\t\t\t\t\t\t<div class=\"elementor-icon-wrapper\">\n\t\t\t<div class=\"elementor-icon\">\n\t\t\t<i aria-hidden=\"true\" class=\"far fa-window-minimize\"><\/i>\t\t\t<\/div>\n\t\t<\/div>\n\t\t\t\t\t\t<\/div>\n\t\t\t\t<\/div>\n\t\t\t\t<div class=\"elementor-element elementor-element-9b72d74 elementor-widget elementor-widget-spacer\" data-id=\"9b72d74\" data-element_type=\"widget\" data-widget_type=\"spacer.default\">\n\t\t\t\t<div class=\"elementor-widget-container\">\n\t\t\t\t\t\t\t<div class=\"elementor-spacer\">\n\t\t\t<div class=\"elementor-spacer-inner\"><\/div>\n\t\t<\/div>\n\t\t\t\t\t\t<\/div>\n\t\t\t\t<\/div>\n\t\t\t\t\t<\/div>\n\t\t<\/div>\n\t\t\t\t\t<\/div>\n\t\t<\/section>\n\t\t\t\t<\/div>","protected":false},"excerpt":{"rendered":"<p>IMPRINT stone4you e.U.Kamenosocha\u0159sk\u00fd mistr Majitel: Georg LeebMitterweg 92020 Hollabrunn Registra\u010dn\u00ed \u010d\u00edslo firmy: 205141dOpr\u00e1vn\u011bn\u00ed podle ECG: BH HollabrunnLG KorneuburgUID: ATU64041968 \u010clen Rakousk\u00e9 obchodn\u00ed komory (Odkaz na https:\/\/firmen.wko.at\/) stone4you e.U. nenese \u017e\u00e1dnou odpov\u011bdnost za odkazy na jin\u00e9 str\u00e1nky a jejich obsah. Tel: +43 (0)2952 30 730office@stone4you.atwww.stone4you.at Vlastn\u00edk m\u00e9dia stone4you e.U. S\u00eddlo vlastn\u00edka m\u00e9dia2020 Hollabrunn P\u0159edm\u011bt podnik\u00e1n\u00ed:Kamenosocha\u0159sk\u00fd mistr v\u010detn\u011b v\u00fdroby um\u011bl\u00e9ho kamene a teracaObchodn\u00ed a obchodn\u00ed zastoupen\u00edZodpov\u011bdnost za text a obr\u00e1zky: stone4you [...]<\/p>","protected":false},"author":1,"featured_media":0,"parent":0,"menu_order":0,"comment_status":"closed","ping_status":"closed","template":"elementor_header_footer","meta":{"footnotes":""},"class_list":["post-2758","page","type-page","status-publish","hentry"],"_links":{"self":[{"href":"https:\/\/www.stone4you.at\/cs\/wp-json\/wp\/v2\/pages\/2758","targetHints":{"allow":["GET"]}}],"collection":[{"href":"https:\/\/www.stone4you.at\/cs\/wp-json\/wp\/v2\/pages"}],"about":[{"href":"https:\/\/www.stone4you.at\/cs\/wp-json\/wp\/v2\/types\/page"}],"author":[{"embeddable":true,"href":"https:\/\/www.stone4you.at\/cs\/wp-json\/wp\/v2\/users\/1"}],"replies":[{"embeddable":true,"href":"https:\/\/www.stone4you.at\/cs\/wp-json\/wp\/v2\/comments?post=2758"}],"version-history":[{"count":10,"href":"https:\/\/www.stone4you.at\/cs\/wp-json\/wp\/v2\/pages\/2758\/revisions"}],"predecessor-version":[{"id":15714,"href":"https:\/\/www.stone4you.at\/cs\/wp-json\/wp\/v2\/pages\/2758\/revisions\/15714"}],"wp:attachment":[{"href":"https:\/\/www.stone4you.at\/cs\/wp-json\/wp\/v2\/media?parent=2758"}],"curies":[{"name":"wp","href":"https:\/\/api.w.org\/{rel}","templated":true}]}}